{"id":5,"date":"2022-05-30T06:18:21","date_gmt":"2022-05-30T06:18:21","guid":{"rendered":"https:\/\/www.5ahead.com\/?page_id=5"},"modified":"2022-07-28T10:24:46","modified_gmt":"2022-07-28T10:24:46","slug":"datenschutzerklaerung","status":"publish","type":"page","link":"https:\/\/www.5ahead.com\/en\/datenschutzerklaerung","title":{"rendered":"Datenschutzerkl\u00e4rung \/ Data protection"},"content":{"rendered":"\n<p><strong>1. Verantwortlicher f\u00fcr die Datenverarbeitung (nachfolgend: \u201ewir\u201c)&nbsp;<\/strong><\/p>\n\n\n\n<p>5ahead GmbH<br>Hengelosestraat 500<br>Enschede, 7521 AN, NL<\/p>\n\n\n\n<p>Tel.: +49 170 22 33 719<br>E-Mail: philip.kwiotek@5ahead.com<\/p>\n\n\n\n<p>Weitere Einzelheiten \u00fcber uns finden Sie in unserer Anbieterkennzeichnung.&nbsp;<\/p>\n\n\n\n<p><\/p>\n\n\n\n<p><strong>2. Personenbezogene Daten, Zwecke ihrer Verarbeitung und Rechtsgrundlagen<\/strong><\/p>\n\n\n\n<p>Die Nutzung unserer Website ist in der Regel m\u00f6glich, ohne dass Sie personenbezogene Daten angeben m\u00fcssen. Die Angabe von personenbezogenen Daten ist freiwillig.<\/p>\n\n\n\n<p>Personenbezogene Daten sind alle Informationen, die sich auf eine identifizierte oder identifizierbare nat\u00fcrliche Person (im Folgenden \u201ebetroffene Person\u201c) beziehen. Als identifizierbar wird eine nat\u00fcrliche Person angesehen, die direkt oder indirekt, insbesondere mittels Zuordnung zu einer Kennung wie einem Namen, zu einer Kennnummer, zu Standortdaten, zu einer Online-Kennung oder zu einem oder mehreren besonderen Merkmalen identifiziert werden kann, die Ausdruck der Identit\u00e4t dieser nat\u00fcrlichen Person sind.<\/p>\n\n\n\n<p>Der Zweck der Verarbeitung von Daten ist das Betreiben dieser Website mit Informationen zu unserem Dienstleistungsangebot nebst Kontaktm\u00f6glichkeiten und Online-Bewerbungsm\u00f6glichkeiten.&nbsp;<\/p>\n\n\n\n<p>Personenbezogene Daten werden auf unserer Website nur dann erhoben, wenn dies<\/p>\n\n\n\n<p>\u2022 f\u00fcr die Nutzung der Website (Rechtsgrundlage: Art. 6 Abs. 1 S. 1 lit. a) und\/ oder Art. 6 Abs. 1 S. 1 lit. b) Datenschutzgrundverordnung (DSGVO),<\/p>\n\n\n\n<p>\u2022 zur Wahrung unseres Interesses zur Verbesserung des Nutzererfahrung und zur Aufrechterhaltung der Sicherheit der Nutzung (Rechtsgrundlage: Art. 6 Abs. 1 S. 1 lit. f) DSGVO),&nbsp;<\/p>\n\n\n\n<p>\u2022 f\u00fcr die Nutzung der auf der Website angebotenen Leistungen sowie vorvertraglicher Ma\u00dfnahmen, insbesondere etwa f\u00fcr Formulareingaben (Rechtsgrundlage: Art. 6 Abs. 1 S. 1 lit. a) und\/ oder Art. 6 Abs. 1 S. 1 lit. b) DSGVO) oder<\/p>\n\n\n\n<p>\u2022 f\u00fcr einen Vertragsabschluss und f\u00fcr die Vertragsdurchf\u00fchrung (Rechtsgrundlage: Art. 6 Abs. 1 S. 1 lit. a) und lit. b) DSGVO) <\/p>\n\n\n\n<p>erforderlich ist.&nbsp;<\/p>\n\n\n\n<p>Weitere Details zur Verarbeitung von Daten finden Sie nachfolgend unter entsprechenden \u00dcberschriften:<\/p>\n\n\n\n<p><\/p>\n\n\n\n<p><strong>3. Zugriffsdaten\/Server-Logfiles&nbsp;<\/strong><\/p>\n\n\n\n<p>Bei dem Besuch unserer Website speichern die Server automatisch die Informationen, die Ihr Browser sendet, sog. Server-Logfiles. Die Informationen umfassen&nbsp;<\/p>\n\n\n\n<p>&nbsp;&nbsp;&nbsp;&nbsp; \u2022 Name der abgerufenen Webseite,&nbsp;<\/p>\n\n\n\n<p>&nbsp;&nbsp;&nbsp;&nbsp; \u2022 Datei,&nbsp;<\/p>\n\n\n\n<p>&nbsp;&nbsp;&nbsp;&nbsp; \u2022 Datum und Uhrzeit des Abrufs,&nbsp;<\/p>\n\n\n\n<p>&nbsp;&nbsp;&nbsp;&nbsp; \u2022 Meldung \u00fcber erfolgreichen Abruf,&nbsp;<\/p>\n\n\n\n<p>&nbsp;&nbsp;&nbsp;&nbsp; \u2022 Browsertyp nebst Version,&nbsp;<\/p>\n\n\n\n<p>&nbsp;&nbsp;&nbsp;&nbsp; \u2022 Betriebssystem des Nutzers,&nbsp;<\/p>\n\n\n\n<p>&nbsp;&nbsp;&nbsp;&nbsp; \u2022 Referrer URL,&nbsp;<\/p>\n\n\n\n<p>&nbsp;&nbsp;&nbsp;&nbsp; \u2022 Provider.<\/p>\n\n\n\n<p>Eine Zusammenf\u00fchrung dieser Daten mit anderen Datenquellen erfolgt nicht. Die Informationen werden gem. Art. 6 Abs. 1 S. 1 lit. f) DSGVO ausschlie\u00dflich zur Analyse und Aufrechterhaltung des technischen Betriebs der Server und des Netzwerkes benutzt.<\/p>\n\n\n\n<p><\/p>\n\n\n\n<p><strong>4. Cookies<\/strong><\/p>\n\n\n\n<p>Unsere Website speichert Cookies. Cookies sind kleine Dateien, die es erm\u00f6glichen, auf dem Zugriffsger\u00e4t der Nutzer (PC, Smartphone o.\u00e4.) spezifische, auf das Ger\u00e4t bezogene Informationen zu speichern. Sie dienen zum einem der Benutzerfreundlichkeit von Webseiten und damit den Nutzern (z.B. Speicherung von Logindaten). Zum anderen dienen sie, um die statistischen Daten der Webseitennutzung zu erfassen und sie zwecks Verbesserung des Angebotes analysieren zu k\u00f6nnen. Die Rechtsgrundlage hierf\u00fcr ist Art. 6 Abs. 1 S. 1 lit. f) DSGVO.<\/p>\n\n\n\n<p>Als Nutzer k\u00f6nnen Sie auf den Einsatz der Cookies Einfluss nehmen. Die meisten Browser verf\u00fcgen eine Option mit der das Speichern von Cookies eingeschr\u00e4nkt oder komplett verhindert wird. Allerdings wird darauf hingewiesen, dass die Nutzung und insbesondere der Nutzungskomfort ohne Cookies eingeschr\u00e4nkt werden.<\/p>\n\n\n\n<p>Sie k\u00f6nnen viele Online-Anzeigen-Cookies von Unternehmen \u00fcber die USamerikanische Seite http:\/\/www.aboutads.info\/choices\/ oder die EU-Seite http:\/\/www.youronlinechoices.com\/uk\/your-ad-choices\/&nbsp; verwalten.<\/p>\n\n\n\n<p><\/p>\n\n\n\n<p><strong>5. Kontakt via E-Mail<\/strong><\/p>\n\n\n\n<p>Wenn Sie uns per E-Mail Anfragen zukommen lassen, werden Ihre dortigen Angaben aus der E-Mail inklusive der von Ihnen dort angegebenen Kontaktdaten zwecks Bearbeitung der Anfrage und f\u00fcr den Fall von Anschlussfragen gem\u00e4\u00df Art. 6 Abs. 1 S. 1 lit. b) DSGVO bei uns gespeichert. Diese Daten geben wir niemals ohne Ihre Einwilligung weiter. Wir werden die von Ihnen freiwillig zur Verf\u00fcgung gestellten Daten streng vertraulich behandeln. Freiwillig von Ihnen mitgeteilte personenbezogene Daten speichern und nutzen wir, soweit es also f\u00fcr die weitere Korrespondenz mit Ihnen erforderlich ist.<\/p>\n\n\n\n<p><\/p>\n\n\n\n<p><strong>6. Bewerbung&nbsp;<\/strong><\/p>\n\n\n\n<p>Senden Sie uns eine Bewerbung mittels des hierf\u00fcr bereit gestellten Kontaktformulars auf <a href=\"http:\/\/www.karriere.container.de\">www.karriere.container.de<\/a> verarbeiten wir Ihre dort freiwillig angegebenen personenbezogenen Daten, um Ihre Bewerbung zu bearbeiten und mit Ihnen Kontakt aufzunehmen. Rechtsgrundlage ist Artikel 6 Abs.1 S. 1 lit. b) DSGVO, Artikel 88 Abs. 1 DSGVO, \u00a7 26 Absatz 1 BDSGneu.<\/p>\n\n\n\n<p><\/p>\n\n\n\n<p><strong>7. Google Analytics<\/strong><\/p>\n\n\n\n<p>Unsere Website verwendet Google Analytics. Anbieter ist die Google LLC., 1600 Amphitheatre Parkway Mountain View, CA 94043, USA, um unsere Website und Nutzung zu analysieren und damit nutzerfreundlicher und effektiver zu machen sowie unsere Leistungen optimaler zu bewerben und anzubieten. Rechtsgrundlage hierf\u00fcr ist Art. 6 Abs. 1 S. 1 lit. f) DSGVO oder, falls Sie auf der Grundlage eines von uns auf der Website erteilten Hinweises (\u201eCookie-Banner\u201c) eine Einwilligung zur Verwendung von Cookies erteilt haben, richtet sich die Rechtm\u00e4\u00dfigkeit der Verwendung nach Art. 6 Abs. 1 S. 1 a) DSGVO. Die Google LLC ist unter dem US-EU-Datenschutzabkommen \u201ePrivacy Shield\u201c zertifiziert und verpflichtet sich damit, die EU-Datenschutzvorgaben einzuhalten.&nbsp;<\/p>\n\n\n\n<p>Bei Nutzern, die ihren gew\u00f6hnlichen Aufenthalt im Europ\u00e4ischen Wirtschaftsraum oder der Schweiz haben, ist die Google Ireland Limited, Gordon House, Barrow Street, Dublin 4, Irland, EU der zust\u00e4ndige Verantwortliche f\u00fcr die Google Dienste (nachfolgend: &#8220;Google&#8221;). Die Google Ireland Limited ist ein mit der Google LLC verbundenes Unternehmen, dessen Dienste wir einbinden und das die Datenschutzgrundverordnung ebenfalls einhalten muss.&nbsp;<\/p>\n\n\n\n<p>Google Analytics verwendet Cookies, Textdateien, die auf Ihrem Computer gespeichert werden und die eine Analyse der Benutzung der Website durch Sie erm\u00f6glichen. Die durch Cookies erzeugte Informationen \u00fcber Ihre Benutzung dieser Website werden in der Regel an einen Server von Google in den USA \u00fcbertragen und dort gespeichert. Die im Rahmen von Google Analytics von Ihrem Browser \u00fcbermittelte IP-Adresse wird aber nicht mit anderen Daten von Google zusammengef\u00fchrt. Auf unserer Website ist die IP-Anonymisierung aktiviert. Ihre IP-Adresse wird von Google damit innerhalb von Mitgliedstaaten der Europ\u00e4ischen Union oder in anderen Vertragsstaaten des Abkommens \u00fcber den Europ\u00e4ischen Wirtschaftsraum zuvor gek\u00fcrzt. Nur in Ausnahmef\u00e4llen wird die volle IP-Adresse an einen Server von Google in den USA \u00fcbertragen und dort gek\u00fcrzt. In unserem Auftrag wird Google diese Informationen benutzen, um Ihre Nutzung der Website auszuwerten, um Reports \u00fcber die Websiteaktivit\u00e4ten zusammenzustellen und um weitere mit der Websitenutzung und der Internetnutzung verbundene Dienstleistungen gegen\u00fcber uns zu erbringen.<\/p>\n\n\n\n<p>Ihre Zustimmung zur Nutzung von Analytics k\u00f6nnen Sie \u00fcber die Cookie Policy in den Cookie Einstellung mittels Opt-ins (Aktivierung) erteilen. Sie k\u00f6nnen die Speicherung der Cookies au\u00dferdem durch eine entsprechende Einstellung Ihrer Browser-Software verhindern; wir weisen Sie jedoch darauf hin, dass Sie in diesem Fall gegebenenfalls nicht s\u00e4mtliche Funktionen unserer Website vollumf\u00e4nglich werden nutzen k\u00f6nnen. Sie k\u00f6nnen dar\u00fcber hinaus die Erfassung der durch das Cookie erzeugten und auf Ihre Nutzung der Website bezogenen Daten (inkl. Ihrer IP-Adresse) an Google sowie die Verarbeitung dieser Daten durch Google verhindern, indem Sie das unter dem Link: https:\/\/tools.google.com\/dlpage\/gaoptout?hl=de verf\u00fcgbare Browser-Plugin herunterladen und installieren: Weitere Informationen zu Nutzungsbedingungen und Datenschutz von Google finden Sie hier bzw. dort.<\/p>\n\n\n\n<p><\/p>\n\n\n\n<p><strong>8. Google Tag Manager<\/strong><\/p>\n\n\n\n<p>Unsere Website benutzt den Google-Tag-Manager von Google. Der Google-TagManager ist eine L\u00f6sung, mit welcher die Betreiber einer Website sog. Tags \u00fcber eine Oberfl\u00e4che verwalten k\u00f6nnen. Das Managertool selbst ist eine cookielose Domain und erfasst keine personenbezogenen Daten. Das Tool sorgt f\u00fcr die Ausl\u00f6sung anderer Tags, die ihrerseits im Rahmen dieser Datenschutzerkl\u00e4rung Daten erfassen. Der Google-Tag-Manager greift nicht auf diese Daten zu. Die Anonymisierung der IPAdresse erfolgt beim Google-Tag-Manager \u00fcber eine interne Einstellung. Sie ist nicht im Quellcode dieser Seite sichtbar. Weitere Informationen finden Sie dort: https:\/\/www.google.com\/intl\/de\/tagmanager\/use-policy.html. Rechtsgrundlage ist Artikel 6 Abs. 1 S. 1 lit. f) DSGVO, denn die Verarbeitung der Daten dient der Wahrung unseres berechtigten Interesses an der Verbesserung der Nutzererfahrung durch Analyse und Optimierung sowie der Bewerbung und Darstellung unserer Leistungen.<\/p>\n\n\n\n<p><\/p>\n\n\n\n<p><strong>9. Empf\u00e4nger von personenbezogenen Daten<\/strong><\/p>\n\n\n\n<p>Personenbezogene Daten werden bei uns folgenden Kategorien von Empf\u00e4ngern mitgeteilt:&nbsp;&nbsp;<\/p>\n\n\n\n<p>An unsere Mitarbeiter und an den Hoster unserer Website. Hoster ist ELA Container GmbH, Zeppelinstra\u00dfe 19\u201321, 49733 Haren (Ems).<\/p>\n\n\n\n<p>Dar\u00fcber hinaus werden Ihre personenbezogenen Daten ohne Ihre ausdr\u00fcckliche Zustimmung nicht an Dritte weitergegeben, es sei denn, wir sind im Sinne des Art. 6 Abs. 1 S. 1 lit. c) DSGVO gesetzlich dazu verpflichtet oder die Datenweitergabe ist gem\u00e4\u00df Art. 6 Abs. 1 S. 1 lit. b) DSGVO zur Durchf\u00fchrung eines Vertragsverh\u00e4ltnisses zwingend erforderlich.<\/p>\n\n\n\n<p>Wir weisen darauf hin, dass die Daten\u00fcbertragung im Internet (z.B. bei der Kommunikation per E-Mail) Sicherheitsl\u00fccken aufweisen kann. Ein l\u00fcckenloser Schutz der Daten vor dem Zugriff durch Dritte ist nicht m\u00f6glich.<\/p>\n\n\n\n<p><\/p>\n\n\n\n<p><strong>10. Dauer der Speicherung<\/strong><\/p>\n\n\n\n<p>Wir l\u00f6schen Ihre personenbezogenen Daten unverz\u00fcglich nach Zweckerreichung. So speichern wir Ihre Daten aus Ihren E-Mails, dem Kontaktformular und Ihren Bestellungen bis Ihre Anfrage vollst\u00e4ndig bearbeitet und erledigt ist. Danach werden die Angaben in der Regel gel\u00f6scht. Im \u00dcbrigen wird im j\u00e4hrlichen Turnus gepr\u00fcft, ob eine L\u00f6schung der von Ihnen gespeicherten Daten erfolgen kann.<\/p>\n\n\n\n<p>Session-Cookies werden nach Ihrem Website-Besuch automatisch von uns gel\u00f6scht. Zugriffsdaten und Server-Logfiles werden nach einer Woche gel\u00f6scht.&nbsp;<\/p>\n\n\n\n<p>Bewerberdaten l\u00f6schen wir nach sp\u00e4testens sechs Monaten. Ist Ihre Bewerbung erfolgreich, verarbeiten wir Ihre personenbezogenen Daten f\u00fcr die Zwecke des Besch\u00e4ftigungsverh\u00e4ltnisses weiter. Haben Sie ausdr\u00fccklich eine Einwilligung erteilt, k\u00f6nnen Sie Ihre Einwilligungserkl\u00e4rung jederzeit mit Wirkung f\u00fcr die Zukunft widerrufen, so dass wir Ihre Daten l\u00f6schen.<\/p>\n\n\n\n<p>Bitte beachten Sie, dass f\u00fcr bestimmte Daten handels- und steuerrechtliche Aufbewahrungspflichten von mindestens sechs (\u00a7 257 HGB) oder zehn (\u00a7147 AO) Jahren bestehen.&nbsp;<\/p>\n\n\n\n<p><\/p>\n\n\n\n<p><strong>11. Rechte der betroffenen Personen&nbsp;<\/strong><\/p>\n\n\n\n<p>Sie sind gesetzlich nicht verpflichtet, Ihre personenbezogenen Daten bereitzustellen. Die Bereitstellung kann jedoch f\u00fcr einen Vertragsabschluss oder f\u00fcr Funktionen der Website erforderlich sein. Bei einer Nichtbereitstellung kann also gegebenenfalls ein Vertrag oder eine Funktion auf der Website nicht angeboten werden.&nbsp;<\/p>\n\n\n\n<p>Es besteht auf der Website keine automatisierte Entscheidungsfindung, ein Profiling findet nicht statt.<\/p>\n\n\n\n<p>Die Rechte von betroffenen Personen ergeben sich insbesondere aus Artikel 15 bis 23 und Artikel 77 DSGVO sowie aus \u00a7\u00a7 32 bis 37 Bundesdatenschutzgesetz (BDSG)neu.&nbsp;&nbsp; Sie haben uns gegen\u00fcber im Hinblick auf Ihre personenbezogenen Daten das Recht auf<\/p>\n\n\n\n<p>&nbsp;&nbsp;&nbsp;&nbsp; \u2022 Auskunft, Art.15 DSGVO<\/p>\n\n\n\n<p>&nbsp;&nbsp;&nbsp;&nbsp; \u2022 Berichtigung, Art. 16 DSGVO<\/p>\n\n\n\n<p>&nbsp;&nbsp;&nbsp;&nbsp; \u2022 L\u00f6schung, Art. 17 DSGVO<\/p>\n\n\n\n<p>&nbsp;&nbsp;&nbsp;&nbsp; \u2022 Einschr\u00e4nkung der Verarbeitung, Art.18 DSGVO<\/p>\n\n\n\n<p>&nbsp;&nbsp;&nbsp;&nbsp; \u2022 \u00dcbertragbarkeit, Art. 20 DSGVO.<\/p>\n\n\n\n<p>Wenn Sie eine Einwilligung zur Verarbeitung von personenbezogenen Daten erteilt haben, haben Sie das Recht des<\/p>\n\n\n\n<p>&nbsp;&nbsp;&nbsp;&nbsp; \u2022 Widerrufs, Art. 7 DSGVO<\/p>\n\n\n\n<p>mit Wirkung f\u00fcr die Zukunft.<\/p>\n\n\n\n<p>Sie haben ferner das Recht, gegen die Verarbeitung von personenbezogenen Daten<\/p>\n\n\n\n<p>&nbsp;&nbsp;&nbsp;&nbsp; \u2022 Widerspruch, Art. 21 DSGVO zu erheben.<\/p>\n\n\n\n<p>1. Sie haben das Recht aus Gr\u00fcnden, die sich aus Ihrer besonderen Situation ergeben, jederzeit gegen die Verarbeitung Sie betreffender personenbezogener Daten Widerspruch einzulegen, die aufgrund von Art. 6 Abs. 1 S. 1 lit. f) DSGVO erfolgt (Datenverarbeitung auf der Grundlage einer Interessenabw\u00e4gung).&nbsp;<\/p>\n\n\n\n<p>Legen Sie Widerspruch ein, werden wir Ihre personenbezogenen Daten nicht mehr verarbeiten, es sei denn, wir k\u00f6nnen zwingende schutzw\u00fcrdige Gr\u00fcnde f\u00fcr die Verarbeitung nachweisen, die Ihre Interessen, Rechte und Freiheiten \u00fcberwiegen oder die Verarbeitung dient der Geltendmachung, Aus\u00fcbung oder Verteidigung von Rechtsanspr\u00fcchen.<\/p>\n\n\n\n<p>2. In Einzelf\u00e4llen verarbeiten wir personenbezogene Daten, um Direktwerbung zu betreiben. Ist dies bei Ihnen der Fall, haben Sie das Recht, jederzeit Widerspruch gegen die Verarbeitung Sie betreffender Daten zum Zwecke derartiger Werbung einzulegen.<\/p>\n\n\n\n<p>Widersprechen Sie der Verarbeitung f\u00fcr Zwecke der Direktwerbung, so werden wir Ihre personenbezogenen Daten nicht mehr f\u00fcr diese Zwecke verarbeiten.<\/p>\n\n\n\n<p>Der Widerspruch kann formfrei erfolgen und sollte m\u00f6glichst gerichtet werden an uns, siehe oben unter 1.<\/p>\n\n\n\n<p>Sind Sie der Ansicht, dass die Verarbeitung der Sie betreffenden personenbezogenen Daten gegen das Datenschutzrecht verst\u00f6\u00dft, haben Sie stets das<\/p>\n\n\n\n<p>&nbsp;&nbsp;&nbsp;&nbsp; \u2022 Recht auf Beschwerde<\/p>\n\n\n\n<p>bei der zust\u00e4ndigen Aufsichtsbeh\u00f6rde, vgl. Art. 77 DSGVO. Unbeschadet eines anderweitigen verwaltungsrechtlichen oder gerichtlichen Rechtsbehelfs steht Ihnen dieses Recht auf Beschwerde bei einer Aufsichtsbeh\u00f6rde, insbesondere in dem Mitgliedstaat ihres Aufenthaltsorts, ihres Arbeitsplatzes oder des Orts des mutma\u00dflichen Versto\u00dfes, zu, wenn Sie der Ansicht sind, dass die Verarbeitung der Sie betreffenden personenbezogenen Daten gegen die DSGVO verst\u00f6\u00dft.&nbsp;<\/p>\n\n\n\n<p>Die Kontaktdaten der Datenschutzbeauftragten in den Bundesl\u00e4ndern, der Aufsichtsbeh\u00f6rden f\u00fcr den nicht-\u00f6ffentlichen Bereich, des Rundfunks, der Kirchen, in Europa und im \u00fcbrigen Ausland sowie des Virtuellen Datenschutzb\u00fcros finden Sie dort: https:\/\/www.bfdi.bund.de\/DE\/Infothek\/Anschriften_Links\/anschriften_links-node.html&nbsp;<\/p>\n\n\n\n<p>Die f\u00fcr uns zust\u00e4ndige Aufsichtsbeh\u00f6rde ist die Landesbeauftragte f\u00fcr Datenschutz Landesbeauftragte f\u00fcr den Datenschutz, Prinzenstra\u00dfe 5, 30159 Hannover.<\/p>\n\n\n\n<p><\/p>\n\n\n\n<p>INFORMATIONEN \u00dcBER IHR WIDERSPRUCHSRECHT NACH ARTIKEL 21 DSGVO&nbsp;<\/p>\n\n\n\n<p>1. Sie haben das Recht aus Gr\u00fcnden, die sich aus Ihrer besonderen Situation ergeben, jederzeit gegen die Verarbeitung Sie betreffender personenbezogener Daten Widerspruch einzulegen, die aufgrund von Artikel 6 Abs 1 S. 1 lit. f) DSGVO (Datenverarbeitung auf der Grundlage einer Interessenabw\u00e4gung) erfolgt.<\/p>\n\n\n\n<p>Legen Sie Widerspruch ein, werden wir Ihre personenbezogenen Daten nicht mehr verarbeiten, es sei denn, wir k\u00f6nnen zwingende schutzw\u00fcrdige Gr\u00fcnde f\u00fcr die Verarbeitung nachweisen, die Ihre Interessen, Rechte und Freiheiten \u00fcberwiegen, oder die Verarbeitung dient der Geltendmachung, Aus\u00fcbung oder Verteidigung von Rechtsanspr\u00fcchen.&nbsp;<\/p>\n\n\n\n<p>2. In Einzelf\u00e4llen verarbeiten wir personenbezogene Daten, um Direktwerbung zu betreiben. Ist dies bei Ihnen der Fall, haben Sie das Recht, jederzeit Widerspruch gegen die Verarbeitung Sie betreffender Daten zum Zwecke derartiger Werbung einzulegen.<\/p>\n\n\n\n<p>Widersprechen Sie der Verarbeitung f\u00fcr Zwecke der Direktwerbung, so werden wir Ihre personenbezogenen Daten nicht mehr f\u00fcr diese Zwecke verarbeiten.&nbsp;<\/p>\n\n\n\n<p>Der Widerspruch kann formfrei erfolgen.<\/p>\n\n\n\n<p><\/p>\n\n\n\n<p><\/p>\n\n\n\n<p><\/p>\n\n\n\n<p><strong>Data Protection<\/strong><\/p>\n\n\n\n<p>We thank you for visiting our website and would like to familiarize you with our online data protection principles.<\/p>\n\n\n\n<p>As a matter of principle, the protection of your privacy is of the utmost importance to us at www.5ahead.com. Therefore, it goes without saying that we comply with the legal provisions on data protection. Furthermore, it is important to us that you always know when we store which data and how we use them.<\/p>\n\n\n\n<p><strong>Data protection and teleservices data protection rights<\/strong><\/p>\n\n\n\n<p>According to the Federal Data Protection Act (BDSG) you have indispensable rights to free information about your data stored by us and their use as well as under certain conditions a right to correction, blocking or deletion of these data. Furthermore, you can object to the use or transmission of your personal data for the future at any time. According to the Telemediengesetz you have the right to revoke your consent to the collection, processing and use of your personal data at any time without giving reasons for the future and on request to receive information free of charge about the data stored about your person.<\/p>\n\n\n\n<p>Your personal data will be processed by us exclusively for order and advertising purposes. You can object to the processing of your data for advertising purposes at any time. In particular, we draw your attention to our duty to provide information regarding the collection of personal data. On the one hand, this concerns the right of the data subjects to information about which personal data are processed by us. On the other hand, it concerns the right to correct personal data, as well as the right to request the deletion of personal data, unless we have legal retention periods.<\/p>\n\n\n\n<p>The data protection guidelines published here apply.<\/p>\n\n\n\n<p><strong>Collection, processing and use of personal data<\/strong><\/p>\n\n\n\n<p>Your browser settings allow you to decide whether cookies should be blocked or whether you should be warned before saving. We only collect data for personal processing and use via public websites if you voluntarily decide to enter them or expressly give your consent. The different purposes are explained to you in each case. You can visit our site without providing any personal information. We only store access data without personal reference such as the name of your Internet service provider, the page from which you are visiting us or the duration of your visit.<br>These data are evaluated exclusively for the improvement of our offer and do not allow any conclusion on your person. Personal data is only collected if you voluntarily provide it to us when ordering goods or registering for our newsletter. We use the data provided by you without your separate consent exclusively for order and order processing as well as for the associated service offer.<\/p>\n\n\n\n<p><strong>Use of cookies<\/strong><\/p>\n\n\n\n<p>This website uses Google Analytics and Google Remarketing. These are services of Google Inc. \u201e(\u201eGoogle\u201c). Google Analytics and Google Remarketing use \u201ecookies\u201c, which are text files placed on your computer, to help the website analyze how users use the site. The information generated by the cookie about your use of this website is usually transferred to a Google server in the USA and stored there. However, if IP anonymisation is activated on this website, Google will reduce your IP address within Member States of the European Union or in other countries party to the Agreement on the European Economic Area beforehand. Only in exceptional cases will the full IP address be transmitted to a Google server in the USA and shortened there.<br>On behalf of the operator of this website, Google will use this information to evaluate your use of the website, to compile reports on website activity and to provide the website operator with other services relating to website and Internet use. The IP address transmitted by your browser in the context of Google Analytics and Google Remarketing is not merged with other Google data. You may refuse the use of cookies by selecting the appropriate settings on your browser, however please note that if you do this you may not be able to use the full functionality of this website. You can also prevent Google from collecting the data generated by the cookie and relating to your use of the website (including your IP address) and from processing this data by Google by downloading and installing the browser plug-in available under the following link http:\/\/tools.google.com\/dlpage\/gaoptout?hl=en<br>You can find further information in the Google Analytics data protection overview. You can find Google\u2019s privacy policy[here](https:\/\/policies.google.com\/?hl=en).<\/p>\n\n\n\n<p><strong>Link identification data<\/strong><\/p>\n\n\n\n<p>Our e-mail communication may contain so-called hyperlinks (\u201elinks\u201c) which contain random but unique identification numbers. We (or external service providers who work for us (e.g. web analysis service providers) may collect and store these identification numbers when your computer accesses these links to retrieve additional information from our servers. The identification numbers in these links will not be matched with your name, address or other personally identifiable information unless you have expressly permitted us to send you information specific to your interests. We use these links and information about your accesses to track your use of our e-mails and our website and to track and measure the success of certain marketing measures. We use this information to improve our website, in particular by adapting our information and offers to the individual interests and needs of users.<\/p>\n\n\n\n<p><strong>Data maintenance and security<\/strong><\/p>\n\n\n\n<p>We correct and complete stored data as soon as we become aware of a change. If necessary, we will also inform data recipients of this. We delete stored data via an automated procedure when the legal or contractual retention period has expired or if the data is no longer required.<\/p>\n\n\n\n<p>If you call up pages and files within this offer and are asked to enter data about yourself, we would like to point out that this transmission via the Internet is unsecured and that the data may therefore be viewed or falsified by unauthorised persons. This data protection declaration does not refer to the contents of other websites which you can access via links. We assume no responsibility for this.<\/p>\n","protected":false},"excerpt":{"rendered":"<p>1. Verantwortlicher f\u00fcr die Datenverarbeitung (nachfolgend: \u201ewir\u201c)&nbsp; 5ahead GmbHHengelosestraat 500Enschede, 7521 AN, NL Tel.: +49 170 22 33 719E-Mail: philip.kwiotek@5ahead.com Weitere Einzelheiten \u00fcber uns finden Sie in unserer Anbieterkennzeichnung.&nbsp; 2. Personenbezogene Daten, Zwecke ihrer Verarbeitung und Rechtsgrundlagen Die Nutzung unserer Website ist in der Regel m\u00f6glich, ohne dass Sie personenbezogene Daten angeben m\u00fcssen. Die Angabe [&hellip;]<\/p>\n","protected":false},"author":1,"featured_media":0,"parent":0,"menu_order":0,"comment_status":"closed","ping_status":"closed","template":"","meta":{"footnotes":""},"class_list":["post-5","page","type-page","status-publish","hentry"],"translation":{"provider":"WPGlobus","version":"3.0.2","language":"en","enabled_languages":["de","nl","en"],"languages":{"de":{"title":true,"content":true,"excerpt":false},"nl":{"title":false,"content":false,"excerpt":false},"en":{"title":false,"content":false,"excerpt":false}}},"_links":{"self":[{"href":"https:\/\/www.5ahead.com\/en\/wp-json\/wp\/v2\/pages\/5","targetHints":{"allow":["GET"]}}],"collection":[{"href":"https:\/\/www.5ahead.com\/en\/wp-json\/wp\/v2\/pages"}],"about":[{"href":"https:\/\/www.5ahead.com\/en\/wp-json\/wp\/v2\/types\/page"}],"author":[{"embeddable":true,"href":"https:\/\/www.5ahead.com\/en\/wp-json\/wp\/v2\/users\/1"}],"replies":[{"embeddable":true,"href":"https:\/\/www.5ahead.com\/en\/wp-json\/wp\/v2\/comments?post=5"}],"version-history":[{"count":7,"href":"https:\/\/www.5ahead.com\/en\/wp-json\/wp\/v2\/pages\/5\/revisions"}],"predecessor-version":[{"id":7575,"href":"https:\/\/www.5ahead.com\/en\/wp-json\/wp\/v2\/pages\/5\/revisions\/7575"}],"wp:attachment":[{"href":"https:\/\/www.5ahead.com\/en\/wp-json\/wp\/v2\/media?parent=5"}],"curies":[{"name":"wp","href":"https:\/\/api.w.org\/{rel}","templated":true}]}}