{"id":7458,"date":"2022-05-30T06:21:35","date_gmt":"2022-05-30T06:21:35","guid":{"rendered":"https:\/\/www.5ahead.com\/?page_id=7458"},"modified":"2022-12-12T11:01:07","modified_gmt":"2022-12-12T11:01:07","slug":"impressum","status":"publish","type":"page","link":"https:\/\/www.5ahead.com\/en\/impressum","title":{"rendered":"Impressum \/ Legal notice"},"content":{"rendered":"\t\t<div data-elementor-type=\"wp-page\" data-elementor-id=\"7458\" class=\"elementor elementor-7458\">\n\t\t\t\t\t\t<section class=\"elementor-section elementor-top-section elementor-element elementor-element-387dd810 elementor-section-boxed elementor-section-height-default elementor-section-height-default\" data-id=\"387dd810\" data-element_type=\"section\" data-e-type=\"section\">\n\t\t\t\t\t\t<div class=\"elementor-container elementor-column-gap-default\">\n\t\t\t\t\t<div class=\"elementor-column elementor-col-100 elementor-top-column elementor-element elementor-element-45f1d773\" data-id=\"45f1d773\" data-element_type=\"column\" data-e-type=\"column\">\n\t\t\t<div class=\"elementor-widget-wrap elementor-element-populated\">\n\t\t\t\t\t\t<div class=\"elementor-element elementor-element-7b7dc001 elementor-widget elementor-widget-text-editor\" data-id=\"7b7dc001\" data-element_type=\"widget\" data-e-type=\"widget\" data-widget_type=\"text-editor.default\">\n\t\t\t\t<div class=\"elementor-widget-container\">\n\t\t\t\t\t\t\t\t\t<p><\/p>\n<p><strong>Angaben gem\u00e4\u00df \u00a7 5 TMG:&nbsp;<br>&nbsp;<\/strong><br>5ahead GmbH<br>Zeppelinstr. 19-21<br>49733 Haren (Ems)<\/p>\n<p><\/p>\n<p><\/p>\n<p>vertretungsberechtigte Gesch\u00e4ftsf\u00fchrer: &nbsp;<\/p>\n<p><\/p>\n<p><\/p>\n<p>Herr G\u00fcnter Albers, Herr Philip Kwiotek<\/p>\n<p>Kontakt: &nbsp;<\/p>\n<p>Tel.: +49 170 22 33 719<br>E-Mail: philip.kwiotek@5ahead.com<\/p>\n<p><\/p>\n<p><\/p>\n<p>Registergericht: Amtsgericht Osnabr\u00fcck<br>Registernummer: HRB 216905<br>USt-IdNr.: DE348427704&nbsp;<\/p><p>KVK Nummer: 80 41 60 97<\/p>\n<p>Inhaltlich verantwortlich gem\u00e4\u00df \u00a7 55 Abs. 2 RStV:&nbsp;<\/p>\n<p><\/p>\n<p><\/p>\n<p>Herr Philip Kwiotek,<br>Kontaktdaten wie oben<\/p>\n<p>Unser Impressum gilt auch f\u00fcr die nachfolgenden Social Media-Pr\u00e4senzen: &nbsp;<br>LinkedIn:&nbsp;<a href=\"https:\/\/de.linkedin.com\/company\/5ahead\">https:\/\/de.linkedin.com\/company\/5ahead<\/a><\/p>\n<p><\/p>\n<p><b>Legal Notice<\/b><\/p>\n<p>Operator of the website www.5ahead.com and billing address for suppliers:<\/p>\n<p>5ahead GmbH<br>Zeppelinstr. 19-21<br>49733 Haren (Ems), Germany<\/p>\n<p>Tel.: +49 170 22 33 719<br>E-Mail: philip.kwiotek@5ahead.com<\/p>\n<p>Managing partners:<br>G\u00fcnter Albers, Philip Kwiotek<\/p>\n<p>Registered with the Osnabr\u00fcck District Court under:<br>HRB 216905<br>VAT ID no. DE348427704&nbsp;<\/p><p>KVK Number: 80 41 60 97<br><\/p>\n<p>Contact person for questions about the website:<br>Philip Kwiotek<br>E-Mail: philip.kwiotek@5ahead.com<\/p>\n<p>Our imprint also applies to the following social media presences: &nbsp;<br>LinkedIn: https:\/\/linkedin.com\/company\/5ahead<\/p>\n<p>Copyright:<br>\u00a9 Copyright 2022 \u2013 5ahead GmbH.<br>All rights reserved. Texts, images, graphics, sounds, animations and videos as well as their arrangements on the website are protected by copyright and other protective laws. The content of this website may not be copied, disseminated, modified or made accessible to third parties for commercial purposes.<\/p>\n<p>                 <\/p>\n<p>Disclaimer of liability:<br>All rights reserved. The information is the property of 5ahead GmbH. They represent the latest information at the time of publication. A liability or guarantee for the topicality, correctness and completeness of the information and data provided is excluded. The information on the web pages does not in any case represent legal assurances. 5ahead GmbH reserves the right to make changes or additions to the information or data provided as required. No legal claims can be derived from the subject areas described here. Offers are non-binding in all parts. 5ahead GmbH is not liable for direct or indirect damages arising from the use of the information or data found on this website. There are no rights and obligations between 5ahead GmbH and the user of the website or third parties. The contents of 5ahead GmbH are protected by copyright. The contents may not be reproduced and\/or published or stored in an information system, in whole or in part, without the prior written consent of the author. For reasons of better legibility and comprehensibility, personal terms are only listed in male form; they refer to both sexes in the same way. All information or data, their use and all actions, toleration or omissions in connection with the 5ahead GmbH website are subject exclusively to German law, to the exclusion of international law. Place of performance and exclusive place of jurisdiction is Haren.<\/p>\n<p><\/p>\t\t\t\t\t\t\t\t<\/div>\n\t\t\t\t<\/div>\n\t\t\t\t\t<\/div>\n\t\t<\/div>\n\t\t\t\t\t<\/div>\n\t\t<\/section>\n\t\t\t\t<\/div>\n\t\t","protected":false},"excerpt":{"rendered":"<p>Angaben gem\u00e4\u00df \u00a7 5 TMG:&nbsp;&nbsp;5ahead GmbHZeppelinstr. 19-2149733 Haren (Ems) vertretungsberechtigte Gesch\u00e4ftsf\u00fchrer: &nbsp; Herr G\u00fcnter Albers, Herr Philip Kwiotek Kontakt: &nbsp; Tel.: +49 170 22 33 719E-Mail: philip.kwiotek@5ahead.com Registergericht: Amtsgericht Osnabr\u00fcckRegisternummer: HRB 216905USt-IdNr.: DE348427704&nbsp; KVK Nummer: 80 41 60 97 Inhaltlich verantwortlich gem\u00e4\u00df \u00a7 55 Abs. 2 RStV:&nbsp; Herr Philip Kwiotek,Kontaktdaten wie oben Unser Impressum gilt [&hellip;]<\/p>\n","protected":false},"author":4,"featured_media":0,"parent":0,"menu_order":0,"comment_status":"closed","ping_status":"closed","template":"","meta":{"footnotes":""},"class_list":["post-7458","page","type-page","status-publish","hentry"],"translation":{"provider":"WPGlobus","version":"3.0.2","language":"en","enabled_languages":["de","nl","en"],"languages":{"de":{"title":true,"content":true,"excerpt":false},"nl":{"title":false,"content":false,"excerpt":false},"en":{"title":false,"content":false,"excerpt":false}}},"_links":{"self":[{"href":"https:\/\/www.5ahead.com\/en\/wp-json\/wp\/v2\/pages\/7458","targetHints":{"allow":["GET"]}}],"collection":[{"href":"https:\/\/www.5ahead.com\/en\/wp-json\/wp\/v2\/pages"}],"about":[{"href":"https:\/\/www.5ahead.com\/en\/wp-json\/wp\/v2\/types\/page"}],"author":[{"embeddable":true,"href":"https:\/\/www.5ahead.com\/en\/wp-json\/wp\/v2\/users\/4"}],"replies":[{"embeddable":true,"href":"https:\/\/www.5ahead.com\/en\/wp-json\/wp\/v2\/comments?post=7458"}],"version-history":[{"count":19,"href":"https:\/\/www.5ahead.com\/en\/wp-json\/wp\/v2\/pages\/7458\/revisions"}],"predecessor-version":[{"id":7826,"href":"https:\/\/www.5ahead.com\/en\/wp-json\/wp\/v2\/pages\/7458\/revisions\/7826"}],"wp:attachment":[{"href":"https:\/\/www.5ahead.com\/en\/wp-json\/wp\/v2\/media?parent=7458"}],"curies":[{"name":"wp","href":"https:\/\/api.w.org\/{rel}","templated":true}]}}